{"id":382,"date":"2020-02-11T16:35:48","date_gmt":"2020-02-11T21:35:48","guid":{"rendered":"https:\/\/laponderosaenergy.com\/?page_id=382"},"modified":"2020-02-13T00:40:11","modified_gmt":"2020-02-13T05:40:11","slug":"mision-vision","status":"publish","type":"page","link":"https:\/\/laponderosaenergy.com\/en\/mision-vision\/","title":{"rendered":"Mission and Vision"},"content":{"rendered":"<p><b>MISSION<\/b><\/p>\nDevelop a research strategy in line with the change in the energy matrix, plan, research and design to minimize the impacts generated by the development of our activity, optimizing water management, air emissions, waste management, with biodiversity being a key element of our commitment to sustainable development.\n\t\t\t\t<img loading=\"lazy\" src=\"https:\/\/laponderosaenergy.com\/wp-content\/uploads\/2020\/02\/240_F_234439848_GSiLF3toDSJwUsodEFK9jvbH3gwvTZba.jpg\" alt=\"240_F_234439848_GSiLF3toDSJwUsodEFK9jvbH3gwvTZba\" itemprop=\"image\" height=\"240\" width=\"360\" title=\"240_F_234439848_GSiLF3toDSJwUsodEFK9jvbH3gwvTZba\" onerror=\"this.style.display='none'\"  \/>\n\t\t\t\t<img loading=\"lazy\" src=\"https:\/\/laponderosaenergy.com\/wp-content\/uploads\/2020\/02\/vision-2372177__340.jpg\" alt=\"vision-2372177__340\" itemprop=\"image\" height=\"340\" width=\"508\" title=\"vision-2372177__340\" onerror=\"this.style.display='none'\"  \/>\n\t<p><strong>VISION<\/strong><\/p>\nTo be a leader in the areas of development and exploration of renewable and non-renewable energies, having projects with sustainable development for the surrounding communities and conducting studies of bio diversity, maintaining high standards in quality management and transparency at national and international level. Placing special emphasis on the research of renewable energies.","protected":false},"excerpt":{"rendered":"<p>MISI\u00d3N Desarrollar una estrategia de investigaci\u00f3n acorde con el cambio de la matriz energ\u00e9tica, planificar, investigar y dise\u00f1ar para minimizar&hellip;<\/p>","protected":false},"author":1,"featured_media":0,"parent":0,"menu_order":0,"comment_status":"closed","ping_status":"closed","template":"","meta":[],"_links":{"self":[{"href":"https:\/\/laponderosaenergy.com\/en\/wp-json\/wp\/v2\/pages\/382"}],"collection":[{"href":"https:\/\/laponderosaenergy.com\/en\/wp-json\/wp\/v2\/pages"}],"about":[{"href":"https:\/\/laponderosaenergy.com\/en\/wp-json\/wp\/v2\/types\/page"}],"author":[{"embeddable":true,"href":"https:\/\/laponderosaenergy.com\/en\/wp-json\/wp\/v2\/users\/1"}],"replies":[{"embeddable":true,"href":"https:\/\/laponderosaenergy.com\/en\/wp-json\/wp\/v2\/comments?post=382"}],"version-history":[{"count":4,"href":"https:\/\/laponderosaenergy.com\/en\/wp-json\/wp\/v2\/pages\/382\/revisions"}],"predecessor-version":[{"id":463,"href":"https:\/\/laponderosaenergy.com\/en\/wp-json\/wp\/v2\/pages\/382\/revisions\/463"}],"wp:attachment":[{"href":"https:\/\/laponderosaenergy.com\/en\/wp-json\/wp\/v2\/media?parent=382"}],"curies":[{"name":"wp","href":"https:\/\/api.w.org\/{rel}","templated":true}]}}