{"id":403,"date":"2020-02-11T17:54:05","date_gmt":"2020-02-11T22:54:05","guid":{"rendered":"https:\/\/laponderosaenergy.com\/?page_id=403"},"modified":"2020-04-05T19:20:30","modified_gmt":"2020-04-06T00:20:30","slug":"codigo-de-etica-y-conducta","status":"publish","type":"page","link":"https:\/\/laponderosaenergy.com\/en\/codigo-de-etica-y-conducta\/","title":{"rendered":"Ethics and Conduct Code"},"content":{"rendered":"<p><strong>Ethics and Conduct Code<\/strong><\/p>\nEthical conduct.<br \/>\nGood conduct.<br \/>\nCommitment and responsibility of the company through its representatives.<br \/>\nCommitment and responsibility of employees.<br \/>\nCorrective actions.<br \/>\n\u00a0 \u00a0 \u00a0&#8211; Leve<br \/>\n\u00a0 \u00a0 \u00a0&#8211; Mediana<br \/>\n\u00a0 \u00a0 \u00a0&#8211; Grave<br \/>\nSafety.<br \/>\nHealth<br \/>\nWorkplace free of abuse, harassment and intimidation.<br \/>\nCommitment to gender respect.<br \/>\nCommitment to social inclusion.<br \/>\nAbout business meetings with partners, government and suppliers.<br \/>\n\u00a0 \u00a0 \u00a0&#8211; Conflicto de intereses.<br \/>\nAcerca de la informaci\u00f3n confidencial &#8211; intelectual, activos y propiedades.<br \/>\nAbout communications with the media and public.<br \/>\n\u00a0 \u00a0 \u00a0&#8211; Redes sociales<br \/>\n\u00a0 \u00a0 \u00a0&#8211; Donaciones<br \/>\nAbout respect for human rights.<br \/>\n\u00a0 \u00a0 \u00a0&#8211; C\u00f3digo 169 de la OIT<br \/>\n\u00a0 \u00a0 \u00a0&#8211; Desarrollo sostenible<br \/>\nEnvironmental conservation.<br \/>\n\u00a0 \u00a0 \u00a0&#8211; Estudios de biodiversidad<br \/>\nCorruption, bribery, payments.<br \/>\nLobbying.<br \/>\nMoney laundering.\n\t\t\t\t<img loading=\"lazy\" src=\"https:\/\/laponderosaenergy.com\/wp-content\/uploads\/2020\/02\/ECOEMPRESAS-LA-\u00c9TICA-2.jpg\" alt=\"[ File # csp2075520, License # 1347685 ]Licensed through http:\/\/www.canstockphoto.com in accordance with the End User License Agreement (http:\/\/www.canstockphoto.com\/legal.php)(c) Can Stock Photo Inc. \/ 3pod\" itemprop=\"image\" height=\"600\" width=\"800\" title=\"ECOEMPRESAS-LA-\u00c9TICA-2\" onerror=\"this.style.display='none'\"  \/>\n\t\t\t\t<img loading=\"lazy\" src=\"https:\/\/laponderosaenergy.com\/wp-content\/uploads\/2020\/02\/th_la-contratacion-temporal-segun-la-doctrina-del-tribunal-superior-de-la-unio-europea_16447374.jpg\" alt=\"th_la-contratacion-temporal-segun-la-doctrina-del-tribunal-superior-de-la-unio-europea_16447374\" itemprop=\"image\" height=\"305\" width=\"400\" title=\"th_la-contratacion-temporal-segun-la-doctrina-del-tribunal-superior-de-la-unio-europea_16447374\" onerror=\"this.style.display='none'\"  \/>\n\t<p><strong>EXISTING DOCUMENTS<\/strong><\/p>\nHSES, health, safety, environment and social relations policy.<br \/>\nPurchasing and contracting policy.<br \/>\nPolicy for employees against drug and alcohol consumption.<br \/>\nSafety policy.<br \/>\nCode of ethics and conduct.<br \/>\nSecurity of use of assets, computer and physical.<br \/>\nInternal and external communication.<br \/>\nHuman rights.<br \/>\nCommunity relations.<br \/>\n\u00a0 \u00a0 \u00a0&#8211; Desarrollo sostenible<br \/>\nAnti-corruption policy.<br \/>\nTax policy.<br \/>\nSONRE import and export regulations.","protected":false},"excerpt":{"rendered":"<p>C\u00d3DIGO DE \u00c9TICA Y DE CONDUCTA El comportamiento \u00e9tico. La buena conducta. Compromiso y responsabilidad de la empresa a trav\u00e9s&hellip;<\/p>","protected":false},"author":1,"featured_media":0,"parent":0,"menu_order":0,"comment_status":"closed","ping_status":"closed","template":"","meta":[],"_links":{"self":[{"href":"https:\/\/laponderosaenergy.com\/en\/wp-json\/wp\/v2\/pages\/403"}],"collection":[{"href":"https:\/\/laponderosaenergy.com\/en\/wp-json\/wp\/v2\/pages"}],"about":[{"href":"https:\/\/laponderosaenergy.com\/en\/wp-json\/wp\/v2\/types\/page"}],"author":[{"embeddable":true,"href":"https:\/\/laponderosaenergy.com\/en\/wp-json\/wp\/v2\/users\/1"}],"replies":[{"embeddable":true,"href":"https:\/\/laponderosaenergy.com\/en\/wp-json\/wp\/v2\/comments?post=403"}],"version-history":[{"count":10,"href":"https:\/\/laponderosaenergy.com\/en\/wp-json\/wp\/v2\/pages\/403\/revisions"}],"predecessor-version":[{"id":607,"href":"https:\/\/laponderosaenergy.com\/en\/wp-json\/wp\/v2\/pages\/403\/revisions\/607"}],"wp:attachment":[{"href":"https:\/\/laponderosaenergy.com\/en\/wp-json\/wp\/v2\/media?parent=403"}],"curies":[{"name":"wp","href":"https:\/\/api.w.org\/{rel}","templated":true}]}}