{"id":470,"date":"2020-02-14T00:30:15","date_gmt":"2020-02-14T05:30:15","guid":{"rendered":"https:\/\/laponderosaenergy.com\/?page_id=470"},"modified":"2022-09-12T20:41:25","modified_gmt":"2022-09-13T01:41:25","slug":"downstream","status":"publish","type":"page","link":"https:\/\/laponderosaenergy.com\/en\/downstream\/","title":{"rendered":"Downstream"},"content":{"rendered":"<img src=\"https:\/\/laponderosaenergy.com\/wp-content\/uploads\/2020\/02\/downstream-marketing.png\"\/>\n            <h3>\n                Marketing            <\/h3>\n            Estamos iniciando nuestras actividades y creemos que la coyuntura especial que vivimos en este a\u00f1o van a permitir desarrollar nuevas estrategias de &#8230;\n                            <a href=\"https:\/\/laponderosaenergy.com\/en\/marketing\/\" target=\"_self\" rel=\"noopener\">Keep reading<\/a>                    \n                <img src=\"https:\/\/laponderosaenergy.com\/wp-content\/uploads\/2020\/02\/downstream-transporte.png\"\/>\n            <h3>\n                Transportation &amp; Distribution            <\/h3>\n            La Ponderosa Energy se desarrolla tambi\u00e9n en el campo de la Distribuci\u00f3n de Hidrocarburos l\u00edquidos y gas, con un reglamento interno de seguridad ambiental y de &#8230;\n                            <a href=\"https:\/\/laponderosaenergy.com\/en\/distribucion\/\" target=\"_self\" rel=\"noopener\">Keep reading<\/a>                    \n                <img src=\"https:\/\/laponderosaenergy.com\/wp-content\/uploads\/2020\/02\/downstream-estacion.png\"\/>\n            <h3>\n                Service stations            <\/h3>\n            La Ponderosa Energy esta desarrollando su campo de comercializaci\u00f3n en Estaciones de Servicio a nivel Nacional poniendo foco a las energ\u00edas &#8230;\n                            <a href=\"https:\/\/laponderosaenergy.com\/en\/estaciones-de-servicio\/\" target=\"_self\" rel=\"noopener\">Keep reading <\/a>","protected":false},"excerpt":{"rendered":"<p>Marketing Estamos iniciando nuestras actividades y creemos que la coyuntura especial que vivimos en este a\u00f1o van a permitir desarrollar&hellip;<\/p>","protected":false},"author":1,"featured_media":0,"parent":0,"menu_order":0,"comment_status":"closed","ping_status":"closed","template":"","meta":[],"_links":{"self":[{"href":"https:\/\/laponderosaenergy.com\/en\/wp-json\/wp\/v2\/pages\/470"}],"collection":[{"href":"https:\/\/laponderosaenergy.com\/en\/wp-json\/wp\/v2\/pages"}],"about":[{"href":"https:\/\/laponderosaenergy.com\/en\/wp-json\/wp\/v2\/types\/page"}],"author":[{"embeddable":true,"href":"https:\/\/laponderosaenergy.com\/en\/wp-json\/wp\/v2\/users\/1"}],"replies":[{"embeddable":true,"href":"https:\/\/laponderosaenergy.com\/en\/wp-json\/wp\/v2\/comments?post=470"}],"version-history":[{"count":15,"href":"https:\/\/laponderosaenergy.com\/en\/wp-json\/wp\/v2\/pages\/470\/revisions"}],"predecessor-version":[{"id":712,"href":"https:\/\/laponderosaenergy.com\/en\/wp-json\/wp\/v2\/pages\/470\/revisions\/712"}],"wp:attachment":[{"href":"https:\/\/laponderosaenergy.com\/en\/wp-json\/wp\/v2\/media?parent=470"}],"curies":[{"name":"wp","href":"https:\/\/api.w.org\/{rel}","templated":true}]}}