{"id":497,"date":"2020-02-25T20:51:26","date_gmt":"2020-02-26T01:51:26","guid":{"rendered":"https:\/\/laponderosaenergy.com\/?page_id=497"},"modified":"2022-09-12T20:32:27","modified_gmt":"2022-09-13T01:32:27","slug":"distribucion","status":"publish","type":"page","link":"https:\/\/laponderosaenergy.com\/en\/distribucion\/","title":{"rendered":"Transportation &amp; Distribution"},"content":{"rendered":"<button type=\"button\" onclick=\"history.back()\" name=\"Regresar\" value=\"\">\n<\/button>\n\t<h2><strong>Transportation &amp; Distribution<\/strong><\/h2>\n<p>Ponderosa Energy also operates in the field of liquid hydrocarbons and gas distribution, with internal regulations on environmental safety and respect for the communities.<\/p>\n\t\t\t\t<img src=\"https:\/\/laponderosaenergy.com\/wp-content\/uploads\/2020\/04\/transporte-de-combustible.jpg\" alt=\"transporte-de-combustible\" itemprop=\"image\" title=\"transporte-de-combustible\" onerror=\"this.style.display='none'\">","protected":false},"excerpt":{"rendered":"<p>Distribuci\u00f3n La Ponderosa Energy se desarrolla tambi\u00e9n en el campo de la Distribuci\u00f3n de Hidrocarburos l\u00edquidos y gas, con un&hellip;<\/p>","protected":false},"author":1,"featured_media":0,"parent":0,"menu_order":0,"comment_status":"closed","ping_status":"closed","template":"","meta":[],"_links":{"self":[{"href":"https:\/\/laponderosaenergy.com\/en\/wp-json\/wp\/v2\/pages\/497"}],"collection":[{"href":"https:\/\/laponderosaenergy.com\/en\/wp-json\/wp\/v2\/pages"}],"about":[{"href":"https:\/\/laponderosaenergy.com\/en\/wp-json\/wp\/v2\/types\/page"}],"author":[{"embeddable":true,"href":"https:\/\/laponderosaenergy.com\/en\/wp-json\/wp\/v2\/users\/1"}],"replies":[{"embeddable":true,"href":"https:\/\/laponderosaenergy.com\/en\/wp-json\/wp\/v2\/comments?post=497"}],"version-history":[{"count":9,"href":"https:\/\/laponderosaenergy.com\/en\/wp-json\/wp\/v2\/pages\/497\/revisions"}],"predecessor-version":[{"id":711,"href":"https:\/\/laponderosaenergy.com\/en\/wp-json\/wp\/v2\/pages\/497\/revisions\/711"}],"wp:attachment":[{"href":"https:\/\/laponderosaenergy.com\/en\/wp-json\/wp\/v2\/media?parent=497"}],"curies":[{"name":"wp","href":"https:\/\/api.w.org\/{rel}","templated":true}]}}