{"id":500,"date":"2020-02-25T20:55:30","date_gmt":"2020-02-26T01:55:30","guid":{"rendered":"https:\/\/laponderosaenergy.com\/?page_id=500"},"modified":"2020-08-24T17:15:13","modified_gmt":"2020-08-24T22:15:13","slug":"estaciones-de-servicio","status":"publish","type":"page","link":"https:\/\/laponderosaenergy.com\/en\/estaciones-de-servicio\/","title":{"rendered":"Service stations"},"content":{"rendered":"<button type=\"button\" onclick=\"history.back()\" name=\"Regresar\" value=\"\">\n<\/button>\n\t\t\t\t<img loading=\"lazy\" src=\"https:\/\/laponderosaenergy.com\/wp-content\/uploads\/2020\/04\/estacion.jpg\" alt=\"estacion\" itemprop=\"image\" height=\"477\" width=\"716\" title=\"estacion\" onerror=\"this.style.display='none'\"  \/>\n\t<h2><strong>Service stations<\/strong><\/h2>\nLa Ponderosa Energy esta desarrollando su campo de comercializaci\u00f3n en Estaciones de Servicio a nivel Nacional poniendo foco a las energ\u00edas limpias y de esa manera cuidar el medio ambiente, modelo que como empresa estamos desarrollando en todas nuestras l\u00edneas de negocio, poniendo especial \u00e9nfasis en el respeto a nuestra pol\u00edtica de medio ambiente y seguridad.\nTenemos alianzas estrat\u00e9gicas con estaciones de servicio de\u00a0combustibles l\u00edquidos, glp y gnv para brindar alternativas de\u00a0suministro para todo tipo de\u00a0 industrias, mejorando cualquier\u00a0 oferta.\n<p>.<\/p>","protected":false},"excerpt":{"rendered":"<p>Estaciones de Servicio La Ponderosa Energy esta desarrollando su campo de comercializaci\u00f3n en Estaciones de Servicio a nivel Nacional poniendo&hellip;<\/p>","protected":false},"author":1,"featured_media":0,"parent":0,"menu_order":0,"comment_status":"closed","ping_status":"closed","template":"","meta":[],"_links":{"self":[{"href":"https:\/\/laponderosaenergy.com\/en\/wp-json\/wp\/v2\/pages\/500"}],"collection":[{"href":"https:\/\/laponderosaenergy.com\/en\/wp-json\/wp\/v2\/pages"}],"about":[{"href":"https:\/\/laponderosaenergy.com\/en\/wp-json\/wp\/v2\/types\/page"}],"author":[{"embeddable":true,"href":"https:\/\/laponderosaenergy.com\/en\/wp-json\/wp\/v2\/users\/1"}],"replies":[{"embeddable":true,"href":"https:\/\/laponderosaenergy.com\/en\/wp-json\/wp\/v2\/comments?post=500"}],"version-history":[{"count":8,"href":"https:\/\/laponderosaenergy.com\/en\/wp-json\/wp\/v2\/pages\/500\/revisions"}],"predecessor-version":[{"id":636,"href":"https:\/\/laponderosaenergy.com\/en\/wp-json\/wp\/v2\/pages\/500\/revisions\/636"}],"wp:attachment":[{"href":"https:\/\/laponderosaenergy.com\/en\/wp-json\/wp\/v2\/media?parent=500"}],"curies":[{"name":"wp","href":"https:\/\/api.w.org\/{rel}","templated":true}]}}