{"id":526,"date":"2020-03-04T02:31:14","date_gmt":"2020-03-04T07:31:14","guid":{"rendered":"https:\/\/laponderosaenergy.com\/?page_id=526"},"modified":"2025-09-17T16:29:02","modified_gmt":"2025-09-17T21:29:02","slug":"acerca-de-la-ponderosa","status":"publish","type":"page","link":"https:\/\/laponderosaenergy.com\/en\/acerca-de-la-ponderosa\/","title":{"rendered":"About the Ponderosa"},"content":{"rendered":"<img loading=\"lazy\" src=\"https:\/\/laponderosaenergy.com\/wp-content\/uploads\/2023\/06\/logo-Ponderosa-alt-02-1.jpg\" alt=\"logo Ponderosa alt 01\" itemprop=\"image\" height=\"1551\" width=\"2051\" title=\"logo Ponderosa alt 01\" onerror=\"this.style.display='none'\">\n\t\t\t\t<img loading=\"lazy\" src=\"https:\/\/laponderosaenergy.com\/wp-content\/uploads\/2025\/09\/river-972786_1280.jpg\" alt=\"river-972786_1280\" itemprop=\"image\" height=\"720\" width=\"1280\" title=\"river-972786_1280\" onerror=\"this.style.display='none'\">\n<p>The Ponderosa Energy is an energy company, primarily engaged in oil and natural gas.<\/p>\n<p>It has the priority of RENEWABLE ENERGIES research.<\/p>\n<p>All projects have two priorities:<\/p>\n<ul>\n<li>\n<ul>\n<li>Sustainable development of the social environment<\/li>\n<li>Estudios de bio diversidad&nbsp; del entorno ambiental<\/li>\n<\/ul>\n<\/li>\n<\/ul>\n<p>The Ponderosa Energy is headquartered in LIMA (city of kings), PERU.<\/p>\n<p>&nbsp;<\/p>\n<p>&nbsp;<\/p>\n<p>&nbsp;<\/p>\n<p>&nbsp;<\/p>\n<p>&nbsp;<\/p>\n<strong data-start=\"99\" data-end=\"156\">Reforestation helps reduce the carbon footprint.<\/strong>\n<ul data-start=\"160\" data-end=\"860\">\n<li data-start=\"160\" data-end=\"211\">\nTake action to reduce the carbon footprint.\n<\/li>\n<li data-start=\"212\" data-end=\"280\">\nImplement a reforestation program in the Peruvian Amazon.\n<\/li>\n<li data-start=\"281\" data-end=\"401\">\nCommit to the responsible extraction of natural resources and reforestation in the minimum required space.\n<\/li>\n<li data-start=\"402\" data-end=\"511\">\nCommitment to creating jobs for nearby communities and using reusable materials.\n<\/li>\n<li data-start=\"512\" data-end=\"564\">\nCommitment to the exploitation of clean energy.\n<\/li>\n<li data-start=\"565\" data-end=\"631\">\nCommitment to the exploitation of low-sulfur hydrocarbons.\n<\/li>\n<li data-start=\"632\" data-end=\"726\">\nNatural gas is the fossil fuel that generates the lowest greenhouse gas emissions.\n<\/li>\n<li data-start=\"727\" data-end=\"860\">\nCommitment to reforesting nearby areas to compensate for the areas deforested by the exploitation of natural resources.\n<\/li>\n<\/ul>\n\t\t\t\t<img src=\"https:\/\/laponderosaenergy.com\/wp-content\/plugins\/beaver-builder-lite-version\/img\/pixel.png\" alt=\"\" itemprop=\"image\" onerror=\"this.style.display='none'\">\n\t\t\t\t<img src=\"https:\/\/laponderosaenergy.com\/wp-content\/plugins\/beaver-builder-lite-version\/img\/pixel.png\" alt=\"\" itemprop=\"image\" onerror=\"this.style.display='none'\">","protected":false},"excerpt":{"rendered":"<p>La Ponderosa Energy es una compa\u00f1\u00eda de energ\u00eda, dedicada principalmente al petr\u00f3leo y al gas natural. Tiene la prioridad de&hellip;<\/p>","protected":false},"author":1,"featured_media":0,"parent":0,"menu_order":0,"comment_status":"closed","ping_status":"closed","template":"","meta":[],"_links":{"self":[{"href":"https:\/\/laponderosaenergy.com\/en\/wp-json\/wp\/v2\/pages\/526"}],"collection":[{"href":"https:\/\/laponderosaenergy.com\/en\/wp-json\/wp\/v2\/pages"}],"about":[{"href":"https:\/\/laponderosaenergy.com\/en\/wp-json\/wp\/v2\/types\/page"}],"author":[{"embeddable":true,"href":"https:\/\/laponderosaenergy.com\/en\/wp-json\/wp\/v2\/users\/1"}],"replies":[{"embeddable":true,"href":"https:\/\/laponderosaenergy.com\/en\/wp-json\/wp\/v2\/comments?post=526"}],"version-history":[{"count":19,"href":"https:\/\/laponderosaenergy.com\/en\/wp-json\/wp\/v2\/pages\/526\/revisions"}],"predecessor-version":[{"id":890,"href":"https:\/\/laponderosaenergy.com\/en\/wp-json\/wp\/v2\/pages\/526\/revisions\/890"}],"wp:attachment":[{"href":"https:\/\/laponderosaenergy.com\/en\/wp-json\/wp\/v2\/media?parent=526"}],"curies":[{"name":"wp","href":"https:\/\/api.w.org\/{rel}","templated":true}]}}